{"id":7078,"date":"2026-03-28T04:54:52","date_gmt":"2026-03-28T09:54:52","guid":{"rendered":"https:\/\/zz-members.com\/?page_id=7078"},"modified":"2026-04-12T04:09:18","modified_gmt":"2026-04-12T09:09:18","slug":"3do-interactive-multiplayer-roms","status":"publish","type":"page","link":"https:\/\/zz-members.com\/fr\/3do-interactive-multiplayer-roms\/","title":{"rendered":"3DO Interactive Multiplayer Roms"},"content":{"rendered":"<div class=\"pmpro\"><div class=\"pmpro_card pmpro_content_message\"><h2 class=\"pmpro_card_title pmpro_font-large\"><svg xmlns=\"http:\/\/www.w3.org\/2000\/svg\" width=\"24\" height=\"24\" viewbox=\"0 0 24 24\" fill=\"none\" stroke=\"var(--pmpro--color--accent)\" stroke-width=\"2\" stroke-linecap=\"round\" stroke-linejoin=\"round\" class=\"feather feather-lock\"><rect x=\"3\" y=\"11\" width=\"18\" height=\"11\" rx=\"2\" ry=\"2\"><\/rect><path d=\"M7 11V7a5 5 0 0 1 10 0v4\"><\/path><\/svg>Adh\u00e9sion requise<\/h2><div class=\"pmpro_card_content\"><p> Vous devez \u00eatre membre du site pour acc\u00e9der \u00e0 ce contenu.<\/p><p><a class=\"pmpro_btn\" href=\"https:\/\/zz-members.com\/fr\/membership-checkout\/membership-levels\/\">Voir les niveaux d\u2019adh\u00e9sion<\/a><\/p><\/div><div class=\"pmpro_card_actions pmpro_font-medium\">D\u00e9j\u00e0 membre ? <a href=\"https:\/\/zz-members.com\/fr\/login\/?redirect_to=https%3A%2F%2Fzz-members.com%2Ffr%2F3do-interactive-multiplayer-roms%2F\">Connectez-vous ici<\/a><\/div><\/div><\/div>","protected":false},"excerpt":{"rendered":"<div class=\"pmpro\"><div class=\"pmpro_card pmpro_content_message\"><h2 class=\"pmpro_card_title pmpro_font-large\"><svg xmlns=\"http:\/\/www.w3.org\/2000\/svg\" width=\"24\" height=\"24\" viewbox=\"0 0 24 24\" fill=\"none\" stroke=\"var(--pmpro--color--accent)\" stroke-width=\"2\" stroke-linecap=\"round\" stroke-linejoin=\"round\" class=\"feather feather-lock\"><rect x=\"3\" y=\"11\" width=\"18\" height=\"11\" rx=\"2\" ry=\"2\"><\/rect><path d=\"M7 11V7a5 5 0 0 1 10 0v4\"><\/path><\/svg>Adh\u00e9sion requise<\/h2><div class=\"pmpro_card_content\"><p> Vous devez \u00eatre membre du site pour acc\u00e9der \u00e0 ce contenu.<\/p><p><a class=\"pmpro_btn\" href=\"https:\/\/zz-members.com\/fr\/membership-checkout\/membership-levels\/\">Voir les niveaux d\u2019adh\u00e9sion<\/a><\/p><\/div><div class=\"pmpro_card_actions pmpro_font-medium\">D\u00e9j\u00e0 membre ? <a href=\"https:\/\/zz-members.com\/fr\/login\/?redirect_to=https%3A%2F%2Fzz-members.com%2Ffr%2F3do-interactive-multiplayer-roms%2F\">Connectez-vous ici<\/a><\/div><\/div><\/div>","protected":false},"author":1,"featured_media":0,"parent":0,"menu_order":7,"comment_status":"closed","ping_status":"closed","template":"","meta":{"pmpro_default_level":"","footnotes":""},"wf_page_folders":[178],"class_list":["post-7078","page","type-page","status-publish","hentry","pmpro-level-required","pmpro-level-4","pmpro-level-8","pmpro-level-10","pmpro-level-14","pmpro-no-access"],"blocksy_meta":{"has_hero_section":"disabled","vertical_spacing_source":"custom","content_area_spacing":"none","styles_descriptor":{"styles":{"desktop":"","tablet":"","mobile":""},"google_fonts":[],"version":6}},"_links":{"self":[{"href":"https:\/\/zz-members.com\/fr\/wp-json\/wp\/v2\/pages\/7078","targetHints":{"allow":["GET"]}}],"collection":[{"href":"https:\/\/zz-members.com\/fr\/wp-json\/wp\/v2\/pages"}],"about":[{"href":"https:\/\/zz-members.com\/fr\/wp-json\/wp\/v2\/types\/page"}],"author":[{"embeddable":true,"href":"https:\/\/zz-members.com\/fr\/wp-json\/wp\/v2\/users\/1"}],"replies":[{"embeddable":true,"href":"https:\/\/zz-members.com\/fr\/wp-json\/wp\/v2\/comments?post=7078"}],"version-history":[{"count":0,"href":"https:\/\/zz-members.com\/fr\/wp-json\/wp\/v2\/pages\/7078\/revisions"}],"wp:attachment":[{"href":"https:\/\/zz-members.com\/fr\/wp-json\/wp\/v2\/media?parent=7078"}],"wp:term":[{"taxonomy":"wf_page_folders","embeddable":true,"href":"https:\/\/zz-members.com\/fr\/wp-json\/wp\/v2\/wf_page_folders?post=7078"}],"curies":[{"name":"wp","href":"https:\/\/api.w.org\/{rel}","templated":true}]}}